{"id":2,"date":"2016-05-10T03:48:21","date_gmt":"2016-05-10T03:48:21","guid":{"rendered":"http:\/\/www.schetschok.de\/?page_id=2"},"modified":"2018-05-23T06:30:11","modified_gmt":"2018-05-23T06:30:11","slug":"sample-page","status":"publish","type":"page","link":"https:\/\/www.schetschok.de\/","title":{"rendered":"Ein \u00dcberblick"},"content":{"rendered":"<p style=\"text-align: justify;\">Zu dieser Homepage<\/p>\n<p style=\"text-align: justify;\">Die ganze Welt wird sich sicher nicht f\u00fcr meine Predigten, unsere Radtouren oder auch andere Begebenheiten aus unserem Leben interessieren. Aber ein paar Leute sind es doch. Und wenn wir dann auf unseren Radtouren abends auch noch auf dem Ticker sehen k\u00f6nnen, wie viele Leute die Seite besucht haben, dann freuen wir uns schon.<\/p>\n<p style=\"text-align: justify;\">Und \u2013 ich mache diese Homepage auch f\u00fcr mich selbst. Weil mir dies Medium Spa\u00df macht samt der M\u00f6glichkeit, mit Gedanken und Fotos meine Sicht der Dinge und der Welt und meine \u2013 auch im w\u00f6rtlichen Sinn \u2013 Erfahrungen weiterzugeben.<\/p>\n<p style=\"text-align: justify;\">Bei meinem Administrator Ralf bedanke ich mich, denn er hat nicht nur die Seite neu gestaltet, ohne ihn w\u00e4re ich auch mit meinen F\u00e4higkeiten bei diesem Projekt schnell an meine Grenzen gesto\u00dfen, nicht zuletzt beim \u201eF\u00fcttern\u201c der Seite per Smartphone.<\/p>\n<h5>Also, herzlich willkommen bei uns.<\/h5>\n<div id=\"su_carousel_69efaaea0c2ea\" class=\"su-carousel su-carousel-centered su-carousel-pages-no su-carousel-responsive-yes\" style=\"width:100%\" data-autoplay=\"3000\" data-speed=\"600\" data-mousewheel=\"true\" data-items=\"3\" data-scroll=\"1\"><div class=\"su-carousel-slides\"><div class=\"su-carousel-slide\"><a><img decoding=\"async\" src=\"https:\/\/www.schetschok.de\/wp-content\/uploads\/2018\/02\/5_juni_2015_13-182x100.jpg\" alt=\"5_juni_2015_13\" \/><\/a><\/div><div class=\"su-carousel-slide\"><a><img decoding=\"async\" src=\"https:\/\/www.schetschok.de\/wp-content\/uploads\/2018\/02\/4_juni_2015_10-182x100.jpg\" alt=\"4_juni_2015_10\" \/><\/a><\/div><div class=\"su-carousel-slide\"><a><img decoding=\"async\" src=\"https:\/\/www.schetschok.de\/wp-content\/uploads\/2018\/02\/31_mai_2015_01-182x100.jpg\" alt=\"31_mai_2015_01\" \/><\/a><\/div><div class=\"su-carousel-slide\"><a><img decoding=\"async\" src=\"https:\/\/www.schetschok.de\/wp-content\/uploads\/2018\/02\/7_mai_2016_2016_14-182x100.jpg\" alt=\"7_mai_2016_2016_14\" \/><\/a><\/div><div class=\"su-carousel-slide\"><a><img decoding=\"async\" src=\"https:\/\/www.schetschok.de\/wp-content\/uploads\/2018\/02\/9_september_2017_13-182x100.jpg\" alt=\"9_september_2017_13\" \/><\/a><\/div><div class=\"su-carousel-slide\"><a><img decoding=\"async\" src=\"https:\/\/www.schetschok.de\/wp-content\/uploads\/2018\/02\/4_september_2017_23-182x100.jpg\" alt=\"4_september_2017_23\" \/><\/a><\/div><div class=\"su-carousel-slide\"><a><img decoding=\"async\" src=\"https:\/\/www.schetschok.de\/wp-content\/uploads\/2016\/05\/5_mai_2016_20160505_131118_single_image-182x100.jpg\" alt=\"5_mai_2016_20160505_131118_single_image\" \/><\/a><\/div><div class=\"su-carousel-slide\"><a><img decoding=\"async\" src=\"https:\/\/www.schetschok.de\/wp-content\/uploads\/2016\/05\/4_mai_2016_20160504_170045_single_image-182x100.jpg\" alt=\"4_mai_2016_20160504_170045_single_image\" \/><\/a><\/div><\/div><div class=\"su-carousel-nav\"><div class=\"su-carousel-direction\"><span class=\"su-carousel-prev\"><\/span><span class=\"su-carousel-next\"><\/span><\/div><div class=\"su-carousel-pagination\"><\/div><\/div><\/div>\n","protected":false},"excerpt":{"rendered":"<p>Zu dieser Homepage Die ganze Welt wird sich sicher nicht f\u00fcr meine Predigten, unsere Radtouren oder auch andere Begebenheiten aus unserem Leben interessieren. Aber ein paar Leute sind es doch. Und wenn wir dann auf unseren Radtouren abends auch noch auf dem Ticker sehen k\u00f6nnen, wie viele Leute die Seite besucht haben, dann freuen wir [&hellip;]<\/p>\n","protected":false},"author":1,"featured_media":0,"parent":0,"menu_order":0,"comment_status":"closed","ping_status":"open","template":"","meta":{"footnotes":""},"class_list":["post-2","page","type-page","status-publish","hentry"],"yoast_head":"<!-- This site is optimized with the Yoast SEO plugin v26.8 - https:\/\/yoast.com\/product\/yoast-seo-wordpress\/ -->\n<title>Ein \u00dcberblick - Rainer Schetschok<\/title>\n<meta name=\"robots\" content=\"index, follow, max-snippet:-1, max-image-preview:large, max-video-preview:-1\" \/>\n<link rel=\"canonical\" href=\"https:\/\/www.schetschok.de\/\" \/>\n<meta property=\"og:locale\" content=\"de_DE\" \/>\n<meta property=\"og:type\" content=\"article\" \/>\n<meta property=\"og:title\" content=\"Ein \u00dcberblick - Rainer Schetschok\" \/>\n<meta property=\"og:description\" content=\"Zu dieser Homepage Die ganze Welt wird sich sicher nicht f\u00fcr meine Predigten, unsere Radtouren oder auch andere Begebenheiten aus unserem Leben interessieren. Aber ein paar Leute sind es doch. Und wenn wir dann auf unseren Radtouren abends auch noch auf dem Ticker sehen k\u00f6nnen, wie viele Leute die Seite besucht haben, dann freuen wir [&hellip;]\" \/>\n<meta property=\"og:url\" content=\"https:\/\/www.schetschok.de\/\" \/>\n<meta property=\"og:site_name\" content=\"Rainer Schetschok\" \/>\n<meta property=\"article:modified_time\" content=\"2018-05-23T06:30:11+00:00\" \/>\n<meta name=\"twitter:card\" content=\"summary_large_image\" \/>\n<meta name=\"twitter:label1\" content=\"Gesch\u00e4tzte Lesezeit\" \/>\n\t<meta name=\"twitter:data1\" content=\"1\u00a0Minute\" \/>\n<script type=\"application\/ld+json\" class=\"yoast-schema-graph\">{\"@context\":\"https:\/\/schema.org\",\"@graph\":[{\"@type\":\"WebPage\",\"@id\":\"https:\/\/www.schetschok.de\/\",\"url\":\"https:\/\/www.schetschok.de\/\",\"name\":\"Ein \u00dcberblick - Rainer Schetschok\",\"isPartOf\":{\"@id\":\"https:\/\/www.schetschok.de\/#website\"},\"datePublished\":\"2016-05-10T03:48:21+00:00\",\"dateModified\":\"2018-05-23T06:30:11+00:00\",\"breadcrumb\":{\"@id\":\"https:\/\/www.schetschok.de\/#breadcrumb\"},\"inLanguage\":\"de\",\"potentialAction\":[{\"@type\":\"ReadAction\",\"target\":[\"https:\/\/www.schetschok.de\/\"]}]},{\"@type\":\"BreadcrumbList\",\"@id\":\"https:\/\/www.schetschok.de\/#breadcrumb\",\"itemListElement\":[{\"@type\":\"ListItem\",\"position\":1,\"name\":\"Start\",\"item\":\"https:\/\/www.schetschok.de\/\"},{\"@type\":\"ListItem\",\"position\":2,\"name\":\"Ein \u00dcberblick\"}]},{\"@type\":\"WebSite\",\"@id\":\"https:\/\/www.schetschok.de\/#website\",\"url\":\"https:\/\/www.schetschok.de\/\",\"name\":\"Rainer Schetschok\",\"description\":\"\",\"potentialAction\":[{\"@type\":\"SearchAction\",\"target\":{\"@type\":\"EntryPoint\",\"urlTemplate\":\"https:\/\/www.schetschok.de\/?s={search_term_string}\"},\"query-input\":{\"@type\":\"PropertyValueSpecification\",\"valueRequired\":true,\"valueName\":\"search_term_string\"}}],\"inLanguage\":\"de\"}]}<\/script>\n<!-- \/ Yoast SEO plugin. -->","yoast_head_json":{"title":"Ein \u00dcberblick - Rainer Schetschok","robots":{"index":"index","follow":"follow","max-snippet":"max-snippet:-1","max-image-preview":"max-image-preview:large","max-video-preview":"max-video-preview:-1"},"canonical":"https:\/\/www.schetschok.de\/","og_locale":"de_DE","og_type":"article","og_title":"Ein \u00dcberblick - Rainer Schetschok","og_description":"Zu dieser Homepage Die ganze Welt wird sich sicher nicht f\u00fcr meine Predigten, unsere Radtouren oder auch andere Begebenheiten aus unserem Leben interessieren. Aber ein paar Leute sind es doch. Und wenn wir dann auf unseren Radtouren abends auch noch auf dem Ticker sehen k\u00f6nnen, wie viele Leute die Seite besucht haben, dann freuen wir [&hellip;]","og_url":"https:\/\/www.schetschok.de\/","og_site_name":"Rainer Schetschok","article_modified_time":"2018-05-23T06:30:11+00:00","twitter_card":"summary_large_image","twitter_misc":{"Gesch\u00e4tzte Lesezeit":"1\u00a0Minute"},"schema":{"@context":"https:\/\/schema.org","@graph":[{"@type":"WebPage","@id":"https:\/\/www.schetschok.de\/","url":"https:\/\/www.schetschok.de\/","name":"Ein \u00dcberblick - Rainer Schetschok","isPartOf":{"@id":"https:\/\/www.schetschok.de\/#website"},"datePublished":"2016-05-10T03:48:21+00:00","dateModified":"2018-05-23T06:30:11+00:00","breadcrumb":{"@id":"https:\/\/www.schetschok.de\/#breadcrumb"},"inLanguage":"de","potentialAction":[{"@type":"ReadAction","target":["https:\/\/www.schetschok.de\/"]}]},{"@type":"BreadcrumbList","@id":"https:\/\/www.schetschok.de\/#breadcrumb","itemListElement":[{"@type":"ListItem","position":1,"name":"Start","item":"https:\/\/www.schetschok.de\/"},{"@type":"ListItem","position":2,"name":"Ein \u00dcberblick"}]},{"@type":"WebSite","@id":"https:\/\/www.schetschok.de\/#website","url":"https:\/\/www.schetschok.de\/","name":"Rainer Schetschok","description":"","potentialAction":[{"@type":"SearchAction","target":{"@type":"EntryPoint","urlTemplate":"https:\/\/www.schetschok.de\/?s={search_term_string}"},"query-input":{"@type":"PropertyValueSpecification","valueRequired":true,"valueName":"search_term_string"}}],"inLanguage":"de"}]}},"_links":{"self":[{"href":"https:\/\/www.schetschok.de\/index.php?rest_route=\/wp\/v2\/pages\/2","targetHints":{"allow":["GET"]}}],"collection":[{"href":"https:\/\/www.schetschok.de\/index.php?rest_route=\/wp\/v2\/pages"}],"about":[{"href":"https:\/\/www.schetschok.de\/index.php?rest_route=\/wp\/v2\/types\/page"}],"author":[{"embeddable":true,"href":"https:\/\/www.schetschok.de\/index.php?rest_route=\/wp\/v2\/users\/1"}],"replies":[{"embeddable":true,"href":"https:\/\/www.schetschok.de\/index.php?rest_route=%2Fwp%2Fv2%2Fcomments&post=2"}],"version-history":[{"count":7,"href":"https:\/\/www.schetschok.de\/index.php?rest_route=\/wp\/v2\/pages\/2\/revisions"}],"predecessor-version":[{"id":1500,"href":"https:\/\/www.schetschok.de\/index.php?rest_route=\/wp\/v2\/pages\/2\/revisions\/1500"}],"wp:attachment":[{"href":"https:\/\/www.schetschok.de\/index.php?rest_route=%2Fwp%2Fv2%2Fmedia&parent=2"}],"curies":[{"name":"wp","href":"https:\/\/api.w.org\/{rel}","templated":true}]}}